{"id":125,"date":"2022-07-18T13:45:12","date_gmt":"2022-07-18T13:45:12","guid":{"rendered":"https:\/\/hub55pass.hu\/?page_id=125"},"modified":"2022-07-25T06:47:33","modified_gmt":"2022-07-25T06:47:33","slug":"adatvedelmi-es-adatkezelesi-tajekoztato","status":"publish","type":"page","link":"https:\/\/hub55pass.hu\/en\/adatvedelmi-es-adatkezelesi-tajekoztato\/","title":{"rendered":"Privacy Policy"},"content":{"rendered":"<div data-elementor-type=\"wp-page\" data-elementor-id=\"125\" class=\"elementor elementor-125\" data-elementor-post-type=\"page\">\n\t\t\t\t\t\t\t\t\t<section class=\"elementor-section elementor-top-section elementor-element elementor-element-c4f09bc elementor-section-boxed elementor-section-height-default elementor-section-height-default tf-sticky-section tf-sticky-no\" data-id=\"c4f09bc\" data-element_type=\"section\" data-settings=\"{&quot;tf_sticky&quot;:&quot;no&quot;}\">\n\t\t\t\t\t\t<div class=\"elementor-container elementor-column-gap-default\">\n\t\t\t\t\t<div class=\"elementor-column elementor-col-100 elementor-top-column elementor-element elementor-element-510fae20\" data-id=\"510fae20\" data-element_type=\"column\">\n\t\t\t<div class=\"elementor-widget-wrap elementor-element-populated\">\n\t\t\t\t\t\t\t\t<div class=\"elementor-element elementor-element-1b564031 elementor-widget elementor-widget-heading\" data-id=\"1b564031\" data-element_type=\"widget\" data-widget_type=\"heading.default\">\n\t\t\t\t<div class=\"elementor-widget-container\">\n\t\t\t<style>\/*! elementor - v3.18.0 - 20-12-2023 *\/\n.elementor-heading-title{padding:0;margin:0;line-height:1}.elementor-widget-heading .elementor-heading-title[class*=elementor-size-]>a{color:inherit;font-size:inherit;line-height:inherit}.elementor-widget-heading .elementor-heading-title.elementor-size-small{font-size:15px}.elementor-widget-heading .elementor-heading-title.elementor-size-medium{font-size:19px}.elementor-widget-heading .elementor-heading-title.elementor-size-large{font-size:29px}.elementor-widget-heading .elementor-heading-title.elementor-size-xl{font-size:39px}.elementor-widget-heading .elementor-heading-title.elementor-size-xxl{font-size:59px}<\/style><h1 class=\"elementor-heading-title elementor-size-default\">HUBPASS PRIVACY AND DATA PROTECTION POLICY<\/h1>\t\t<\/div>\n\t\t\t\t<\/div>\n\t\t\t\t<div class=\"elementor-element elementor-element-aa567e8 elementor-widget elementor-widget-text-editor\" data-id=\"aa567e8\" data-element_type=\"widget\" data-widget_type=\"text-editor.default\">\n\t\t\t\t<div class=\"elementor-widget-container\">\n\t\t\t<style>\/*! elementor - v3.18.0 - 20-12-2023 *\/\n.elementor-widget-text-editor.elementor-drop-cap-view-stacked .elementor-drop-cap{background-color:#69727d;color:#fff}.elementor-widget-text-editor.elementor-drop-cap-view-framed .elementor-drop-cap{color:#69727d;border:3px solid;background-color:transparent}.elementor-widget-text-editor:not(.elementor-drop-cap-view-default) .elementor-drop-cap{margin-top:8px}.elementor-widget-text-editor:not(.elementor-drop-cap-view-default) .elementor-drop-cap-letter{width:1em;height:1em}.elementor-widget-text-editor .elementor-drop-cap{float:left;text-align:center;line-height:1;font-size:50px}.elementor-widget-text-editor .elementor-drop-cap-letter{display:inline-block}<\/style>\t\t\t\t<ol><li>The aim of this page of HubPass Kft. (\u00dcll\u0151i \u00fat 55. Budapest, Hungary 1091) available at https:\/\/hub55pass.hu is to inform and provide a platform to contact for SME companies or other people who wish to outsource the development of their website or mobile applications.<\/li><\/ol><p>The website visitors can access this page all the time. If you have any questions regarding this Privacy Policy, please contact us at info@hub55pass.hu.<\/p><p>Provider informs the website visitors about what personal data they collect, how they store and used them. Provider also ensures the opportunity for the website user to exercise their user rights.<\/p><p>\u00a0<\/p><p>Provider is entitled to change this Privacy Policy, following the notification of the website users.<\/p><p>By using this website, you accept this Privacy Policy and give your consent to process data as specified below.<\/p><p>\u00a0<\/p><p>Act CXII of 2011 on the Right of Informational Self-Determination and on Freedom of Information (\u201cPrivacy Act\u201d) stipulates that personal data may be processed only when the data subject has given his or her consent, or when decreed by law or by a local authority due to public interest. Personal data may only be processed for specified purposes and only personal data that is needed for the purpose of data processing and is suitable for achieving that purpose may be processed.<\/p><p>Data subject\/User: any natural person identified.<\/p><p>Personal data: data relating to the user: name, address, phone number, email address<\/p><p>Consent: the user based on adequate information gives consent to the full or specific operations related to the processing of their personal data;<\/p><p>\u00a0<\/p><ol start=\"2\"><li>Objection: a declaration made by the data subject in which they object to the processing of their personal data and request the termination of data processing, as well as the deletion of the processed data;<\/li><\/ol><p>Data Controller\/Provider: legal person or organisation without legal personality who determines the purposes of processing data, makes and executes decisions concerning data processing or have it executed by a data processor;<\/p><p>Data processing: any operation performed on the data<\/p><p>Data processor: any natural or legal person or organisation without legal personality processing the data on the grounds of a contract concluded with the Data Controller,<\/p><p>Data transfer: providing access to the data for a specified third party;<\/p><p>Data deletion: removing data from the system in a way it can never be restored again;<\/p><p>Disclosure: ensuring open access to the data;<\/p><p>Third-party: any natural or legal person, or organisation without legal personality other than the data subject, the data controller or the data processor.<\/p><p>Details of the Data Controller:<\/p><p>Company Name: HubPass Kft.<\/p><p>\u00a0<\/p><p>Address: 1091 \u00dcll\u0151i \u00fat 55. Budapest, Hungary<\/p><p>Company registration number: 01 09 359049<\/p><p>\u00a0<\/p><p>VAT number: 27959440243<\/p><p>Email address: info@hub55pass.hu<\/p><p>\u00a0<\/p><p>Contact: Vir\u00e1g Attila, CEO<\/p><p>Server:<\/p><p>\u00a0<\/p><p>Hosting: SMB Best Admin Kft.<\/p><p>Address: 1144 Budapest, Orm\u00e1ns\u00e1g utca 4. B. \u00e9p. fszt. 17. Hungary<\/p><p>\u00a0<\/p><ol start=\"3\"><li>Company registration number: 01-09-963033<\/li><\/ol><p>VAT number: 11675334-2-42<\/p><p>Contact: Gergo Vig, +36 (1) 607 8139<\/p><p>Provider:<\/p><p>Company Name: HubPass Kft.<\/p><p>Address: 1138 Budapest, V\u00e1ci \u00fat 168\/A. 3. em.<\/p><p>Company registration number: 01 09 964925<\/p><p>VAT number: 23422425241<\/p><p>\u00a0<\/p><p>Email address: info@hub55.hu<\/p><p>Contact: Tam\u00e1s Bohner, CEO<\/p><p>Contacting with the Provider:<\/p><p>The website user is able to reach out to the provider in several ways depending on their goal. By contacting the provider use gives their consent to process their personal data.<\/p><p>Provider request the following data:<\/p><p>Contact Form<\/p><p>Name\n\nPhone number\n\nEmail address<\/p><p>\u00a0<\/p><ol start=\"4\"><li>Such data is provided to identify the user and get in touch with them regarding the reason they contacted the Provider. Data is deleted upon the users\u2019 request or after 5 years.<\/li><\/ol><p>Data processing:<\/p><p>Provider engages with following data processors in order to improve user experience:<\/p><p>Mailchimp, The Rocket Science Group LLC<\/p><p>675 Ponce De Leon Ave NE Ste 5000<\/p><p>Atlanta, GA, 30308-2172\nUnited States\n(678) 999-0141<\/p><p>Hotjar Ltd, Level 2<\/p><p>St Julians Business Centre,<\/p><p>3, Elia Zammit Street<\/p><p>St Julians STJ 1000, Malta, Europe<\/p><p>+1 855 464 6788\ndavid@hotjar.com<\/p><p>\u00a0<\/p><p>Provider transfers data regarding events related to Website visits (clicks; page views; mouse movements), to Hotjar. Such data has an important role in improving the services of the Website and preparing statistical data.<\/p><p>Google Inc.,<\/p><p>1600 Amphitheatre Parkway,<\/p><p>Mountain View,<\/p><p>CA 94043,<\/p><p>+1 650 253 0000<\/p><p>Provider transfers data regarding the events related to Website visits (clicks; page views; conversions), as well as User\u2019s email address to Google. Such data has an important role in improving the services of the Website, preparing statistical data and personalising the marketing campaigns of Provider.<\/p><p>Facebook Ireland Ltd.,<\/p><p>\u00a0<\/p><p>4 Grand Canal Square,<\/p><p>Grand Canal Harbour,\nDublin 2 Ireland<\/p><p>\u00a0<\/p><p>Provider transfers data regarding events related to Website visits (clicks; page views; conversions), as well as User\u2019s email address to Facebook. Such data has an important role in improving the services of the Website, preparing statistical data and personalising the marketing campaigns of Provider.<\/p><p>Storing Personal Data:<\/p><p>Data is stored mainly by HubPass Kft. Provider ensures the security of data processing with technical, organisational and systemic measures that provide a level of protection corresponding to the risks related to data processing.<\/p><p>What are your data protection rights?<\/p><p>HubPass would like to make sure you are fully aware of all of your data protection rights. Every user is entitled to the following:<\/p><p>The right to access - You have the right to request HubPass for copies of your personal data.<\/p><p>The right to rectification - You have the right to request that HubPass correct any information you believe is inaccurate. You also have the right to request Our Company to complete information you believe is incomplete.<\/p><p>\u00a0<\/p><p>The right to erasure - You have the right to request that HubPass erase your personal data, under certain conditions.<\/p><p>The right to restrict processing - You have the right to request that HubPass restrict the processing of your personal data, under certain conditions.<\/p><p>The right to object to processing - You have the right to object to HubPass processing of your personal data, under certain conditions.<\/p><p>The right to data portability - You have the right to request that HubPass transfer the data that we have collected to another organization, or directly to you, under certain conditions.<\/p><p>If you make a request, we have one month to respond to you. If you would like to exercise any of these rights, please contact us at our email: info@hub55pass.hu or call us at +36 1 269 2718<\/p><p>What are cookies?<\/p><p>\u00a0<\/p><p>Cookies are text files placed on your computer to collect standard Internet log information and visitor behavior information. When you visit our websites, we may collect information from you automatically through cookies or similar technology.<\/p><p>For further information, visit allaboutcookies.org.<\/p><p>\u00a0<\/p><p>How do we use cookies?<\/p><p>HubPass uses cookies in a range of ways to improve your experience on our website, including:<\/p><p>\u00a0<\/p><p>Understanding how you use our website<\/p><p>What types of cookies do we use?<\/p><p>\u00a0<\/p><p>There are a number of different types of cookies, however, our website uses:<\/p><p>Functionality - HubPass uses these cookies so that we recognize you on our website and remember your previously selected preferences. These could include what language you prefer and location you are in. A mix of first-party and third-party cookies are used.<\/p><p>\u00a0<\/p><ol start=\"5\"><li>Advertising - HubPass uses these cookies to collect information about your visit to our website, the content you viewed, the links you followed and information about your browser, device, and your IP address. HubPass sometimes shares some limited aspects of this data with third parties for advertising purposes.<\/li><\/ol><p>We may also share online data collected through cookies with our advertising partners.<\/p><p>This means that when you visit another website, you may be shown advertising based on your browsing patterns on our website.<\/p><p>\u00a0<\/p><p>How to manage cookies You can set your browser not to accept cookies, and the above website tells you how to remove cookies from your browser. However, in a few cases, some of our website features may not function as a result.<\/p><p>Privacy policies of other websites<\/p><p>\u00a0<\/p><ol start=\"6\"><li>HubPass website contains links to other websites. Our privacy policy applies only to our website, so if you click on a link to another website, you should read their privacy policy.<\/li><\/ol><p>Changes to our privacy policy<\/p><p>HubPass keeps its privacy policy under regular review and places any updates on this web page. This privacy policy was last updated on 1 October 2019.<\/p><p>\u00a0<\/p><p>How to contact us<\/p><p>If you have any questions about HubPass\u2019s privacy policy, the data we hold on you, or you would like to exercise one of your data protection rights, please do not hesitate to contact us.<\/p><p>Email us at: info@hub55pass.hu<\/p><p>\u00a0<\/p><p>Call us: +36 1 269 2718<\/p><p>How to contact the appropriate authority<\/p><p>\u00a0<\/p><p>Should you wish to report a complaint or if you feel that Our Company has not addressed your concern in a satisfactory manner, you may contact the Information Commissioner\u2019s Office.<\/p><p>Website: https:\/\/www.naih.hu\/general-information.html<\/p><p>\u00a0<\/p><p>Email: privacy@naih.hu<\/p><p>Phone number: +36 1 391 1400<\/p><p>Address: H-1125 Budapest, Szil\u00e1gyi Erzs\u00e9bet fasor 22\/C., Hungary<\/p><p>@HUB55Pass 2022<\/p>\t\t\t\t\t\t<\/div>\n\t\t\t\t<\/div>\n\t\t\t\t\t<\/div>\n\t\t<\/div>\n\t\t\t\t\t\t\t<\/div>\n\t\t<\/section>\n\t\t\t\t\t\t\t<\/div>","protected":false},"excerpt":{"rendered":"<p>ADATV\u00c9DELMI \u00c9S ADATKEZEL\u00c9SI T\u00c1J\u00c9KOZTAT\u00d3 A T\u00c1J\u00c9KOZTAT\u00d3 C\u00c9LJA \u00c9S ALKALMAZ\u00c1SI K\u00d6RE 1.1. A t\u00e1j\u00e9koztat\u00f3 c\u00e9lja A 2020. janu\u00e1r 1. napj\u00e1val hat\u00e1lyba l\u00e9p\u0151 \u00e1ltal\u00e1nos adatv\u00e9delmi rendelet \u2013 hivatalos c\u00edm\u00e9n az Eur\u00f3pai Tan\u00e1cs \u00e9s a Tan\u00e1cs (EU) 2016\/679 rendelete a term\u00e9szetes szem\u00e9lyeknek a szem\u00e9lyes adatok kezel\u00e9se tekintet\u00e9ben t\u00f6rt\u00e9n\u0151 v\u00e9delm\u00e9r\u0151l \u00e9s az ilyen adatok szabad \u00e1raml\u00e1s\u00e1r\u00f3l \u2013 (a tov\u00e1bbiakban: [&hellip;]<\/p>","protected":false},"author":1,"featured_media":0,"parent":0,"menu_order":0,"comment_status":"closed","ping_status":"closed","template":"","meta":{"footnotes":""},"class_list":["post-125","page","type-page","status-publish","hentry","entry","owp-thumbs-layout-horizontal","owp-btn-normal","owp-tabs-layout-horizontal","has-no-thumbnails","has-product-nav"],"_links":{"self":[{"href":"https:\/\/hub55pass.hu\/en\/wp-json\/wp\/v2\/pages\/125","targetHints":{"allow":["GET"]}}],"collection":[{"href":"https:\/\/hub55pass.hu\/en\/wp-json\/wp\/v2\/pages"}],"about":[{"href":"https:\/\/hub55pass.hu\/en\/wp-json\/wp\/v2\/types\/page"}],"author":[{"embeddable":true,"href":"https:\/\/hub55pass.hu\/en\/wp-json\/wp\/v2\/users\/1"}],"replies":[{"embeddable":true,"href":"https:\/\/hub55pass.hu\/en\/wp-json\/wp\/v2\/comments?post=125"}],"version-history":[{"count":7,"href":"https:\/\/hub55pass.hu\/en\/wp-json\/wp\/v2\/pages\/125\/revisions"}],"predecessor-version":[{"id":337,"href":"https:\/\/hub55pass.hu\/en\/wp-json\/wp\/v2\/pages\/125\/revisions\/337"}],"wp:attachment":[{"href":"https:\/\/hub55pass.hu\/en\/wp-json\/wp\/v2\/media?parent=125"}],"curies":[{"name":"wp","href":"https:\/\/api.w.org\/{rel}","templated":true}]}}