{"id":124,"date":"2022-07-18T13:39:53","date_gmt":"2022-07-18T13:39:53","guid":{"rendered":"https:\/\/hub55pass.hu\/?page_id=124"},"modified":"2022-07-25T13:08:01","modified_gmt":"2022-07-25T13:08:01","slug":"cookie-tajekoztato","status":"publish","type":"page","link":"https:\/\/hub55pass.hu\/en\/cookie-tajekoztato\/","title":{"rendered":"Cookie Policy"},"content":{"rendered":"<div data-elementor-type=\"wp-page\" data-elementor-id=\"124\" class=\"elementor elementor-124\" data-elementor-post-type=\"page\">\n\t\t\t\t\t\t\t\t\t<section class=\"elementor-section elementor-top-section elementor-element elementor-element-c4f09bc elementor-section-boxed elementor-section-height-default elementor-section-height-default tf-sticky-section tf-sticky-no\" data-id=\"c4f09bc\" data-element_type=\"section\" data-settings=\"{&quot;tf_sticky&quot;:&quot;no&quot;}\">\n\t\t\t\t\t\t<div class=\"elementor-container elementor-column-gap-default\">\n\t\t\t\t\t<div class=\"elementor-column elementor-col-100 elementor-top-column elementor-element elementor-element-510fae20\" data-id=\"510fae20\" data-element_type=\"column\">\n\t\t\t<div class=\"elementor-widget-wrap elementor-element-populated\">\n\t\t\t\t\t\t\t\t<div class=\"elementor-element elementor-element-1b564031 elementor-widget elementor-widget-heading\" data-id=\"1b564031\" data-element_type=\"widget\" data-widget_type=\"heading.default\">\n\t\t\t\t<div class=\"elementor-widget-container\">\n\t\t\t<style>\/*! elementor - v3.18.0 - 20-12-2023 *\/\n.elementor-heading-title{padding:0;margin:0;line-height:1}.elementor-widget-heading .elementor-heading-title[class*=elementor-size-]>a{color:inherit;font-size:inherit;line-height:inherit}.elementor-widget-heading .elementor-heading-title.elementor-size-small{font-size:15px}.elementor-widget-heading .elementor-heading-title.elementor-size-medium{font-size:19px}.elementor-widget-heading .elementor-heading-title.elementor-size-large{font-size:29px}.elementor-widget-heading .elementor-heading-title.elementor-size-xl{font-size:39px}.elementor-widget-heading .elementor-heading-title.elementor-size-xxl{font-size:59px}<\/style><h1 class=\"elementor-heading-title elementor-size-default\">Cookie Policy<\/h1>\t\t<\/div>\n\t\t\t\t<\/div>\n\t\t\t\t<div class=\"elementor-element elementor-element-aa567e8 elementor-widget elementor-widget-text-editor\" data-id=\"aa567e8\" data-element_type=\"widget\" data-widget_type=\"text-editor.default\">\n\t\t\t\t<div class=\"elementor-widget-container\">\n\t\t\t<style>\/*! elementor - v3.18.0 - 20-12-2023 *\/\n.elementor-widget-text-editor.elementor-drop-cap-view-stacked .elementor-drop-cap{background-color:#69727d;color:#fff}.elementor-widget-text-editor.elementor-drop-cap-view-framed .elementor-drop-cap{color:#69727d;border:3px solid;background-color:transparent}.elementor-widget-text-editor:not(.elementor-drop-cap-view-default) .elementor-drop-cap{margin-top:8px}.elementor-widget-text-editor:not(.elementor-drop-cap-view-default) .elementor-drop-cap-letter{width:1em;height:1em}.elementor-widget-text-editor .elementor-drop-cap{float:left;text-align:center;line-height:1;font-size:50px}.elementor-widget-text-editor .elementor-drop-cap-letter{display:inline-block}<\/style>\t\t\t\t<p>Last update: 2020. 02. 24.<\/p><p>What are cookies?<\/p><p>Cookies are text files placed on your computer to collect standard Internet log information and visitor behavior information. When you visit our websites, we may collect information from you automatically through cookies or similar technology.<\/p><p>For further information, visit allaboutcookies.org.<\/p><p>How do we use cookies?<\/p><p>What types of cookies do we use?<\/p><p>There are a number of different types of cookies, however, our website uses:<\/p><p>Functionality - HubPass uses these cookies so that we recognize you on our website and remember your previously selected preferences. These could include what language you prefer and the location you are in. A mix of first-party and third-party cookies are used.\n\nAnalytics - These cookies collect information about how visitors use a website, for instance, which pages visitors go to most often. We use them to improve how our website works. However, some of them might be third-party cookies and the data they collect can be put to purposes unknown by us as the site owner. Please refer to our third-party processor's privacy policy.<\/p><p>Why we collect it?<\/p><p>Analyse traffic information<\/p><p>Data is used for profiling<\/p><p>Advertising - HubPass uses these cookies to collect information about your visit to our website, the content you viewed, the links you followed and information about your browser, device, and your IP address.<\/p><p>HubPass sometimes shares some limited aspects of this data with third parties for advertising purposes. We may also share online data collected through cookies with our advertising partners. This means that when you visit another website, you may be shown advertising based on your browsing patterns on our website.<\/p><p>What data we collect:<\/p><p>Profile data (IP address, Browser agent data, Country and Unique identifier).<\/p><p>The data you share contains sensitive personal data.<\/p><p>How to manage cookies<\/p><p>How to manage cookies<\/p><p>How to manage cookies<\/p><p>You can set your browser not to accept cookies, and the above website tells you how to remove cookies from your browser. However, in a few cases, some of our website features may not function as a result.<\/p><p>Privacy policies of other websites<\/p><p>HubPass website contains links to other websites. Our privacy policy applies only to our website, so if you click on a link to another website, you should read their privacy policy.<\/p><p>Changes to our privacy policy<\/p><p>HubPass keeps its privacy policy under regular review and places any updates on this web page. This privacy policy was last updated on 1 October 2019.<\/p><p>How to contact us<\/p><p>If you have any questions about HubPass\u2019 privacy policy, the data we hold on you, or you would like to exercise one of your data protection rights, please do not hesitate to contact us.<\/p><p>Email us at: info@drukkadigitals.com<\/p><p>How to manage cookies<\/p><p>How to manage cookies<\/p><p>How to manage cookies<\/p><p>Call us: +36 1 269 2718<\/p><p>How to contact the appropriate authority<\/p><p>Should you wish to report a complaint or if you feel that Our Company has not addressed your concern in a satisfactory manner, you may contact the Information Commissioner's Office.<\/p><p>Website: https:\/\/www.naih.hu\/general-information.html<\/p><p>Email: privacy@naih.hu<\/p><p>Phone number: +36 -1-391-1400<\/p><p>Address: H-1125 Budapest, Szil\u00e1gyi Erzs\u00e9bet fasor 22\/C., Hungary<\/p><p>.<\/p><p>\u00a0<\/p><p>\u00a0<\/p><p>\u00a0<\/p><h1>\u00a0<\/h1>\t\t\t\t\t\t<\/div>\n\t\t\t\t<\/div>\n\t\t\t\t\t<\/div>\n\t\t<\/div>\n\t\t\t\t\t\t\t<\/div>\n\t\t<\/section>\n\t\t\t\t\t\t\t<\/div>","protected":false},"excerpt":{"rendered":"<p>COOKIE T\u00c1J\u00c9KOZTAT\u00d3 Utols\u00f3 friss\u00edt\u00e9s: 2020. 02. 24. Ez a weboldal a felhaszn\u00e1l\u00f3i \u00e9lm\u00e9ny jav\u00edt\u00e1sa, valamint a zavartalan m\u0171k\u00f6d\u00e9s biztos\u00edt\u00e1sa \u00e9rdek\u00e9ben s\u00fctiket (cookie-kat) haszn\u00e1l. Az al\u00e1bbi S\u00fcti szab\u00e1lyzat az Adatv\u00e9delmi T\u00e1j\u00e9koztat\u00f3nk r\u00e9sz\u00e9t k\u00e9pezi. C\u00e9g\u00fcnkr\u0151l, valamint az \u00e1ltalunk alkalmazott adatv\u00e9delmi elj\u00e1r\u00e1sokr\u00f3l az Adatv\u00e9delmi T\u00e1j\u00e9koztat\u00f3nkban olvashat r\u00e9szletesebben. Ahhoz, hogy szem\u00e9lyre szabott \u00e9s interakt\u00edv m\u00f3don tudjuk megjelen\u00edteni \u00d6nnek az [&hellip;]<\/p>","protected":false},"author":1,"featured_media":0,"parent":0,"menu_order":0,"comment_status":"closed","ping_status":"closed","template":"","meta":{"footnotes":""},"class_list":["post-124","page","type-page","status-publish","hentry","entry","owp-thumbs-layout-horizontal","owp-btn-normal","owp-tabs-layout-horizontal","has-no-thumbnails","has-product-nav"],"_links":{"self":[{"href":"https:\/\/hub55pass.hu\/en\/wp-json\/wp\/v2\/pages\/124","targetHints":{"allow":["GET"]}}],"collection":[{"href":"https:\/\/hub55pass.hu\/en\/wp-json\/wp\/v2\/pages"}],"about":[{"href":"https:\/\/hub55pass.hu\/en\/wp-json\/wp\/v2\/types\/page"}],"author":[{"embeddable":true,"href":"https:\/\/hub55pass.hu\/en\/wp-json\/wp\/v2\/users\/1"}],"replies":[{"embeddable":true,"href":"https:\/\/hub55pass.hu\/en\/wp-json\/wp\/v2\/comments?post=124"}],"version-history":[{"count":10,"href":"https:\/\/hub55pass.hu\/en\/wp-json\/wp\/v2\/pages\/124\/revisions"}],"predecessor-version":[{"id":379,"href":"https:\/\/hub55pass.hu\/en\/wp-json\/wp\/v2\/pages\/124\/revisions\/379"}],"wp:attachment":[{"href":"https:\/\/hub55pass.hu\/en\/wp-json\/wp\/v2\/media?parent=124"}],"curies":[{"name":"wp","href":"https:\/\/api.w.org\/{rel}","templated":true}]}}